{"id":16,"date":"2025-10-15T08:41:40","date_gmt":"2025-10-15T08:41:40","guid":{"rendered":"http:\/\/localhost:8888\/venetoulis\/?page_id=16"},"modified":"2025-12-10T16:04:44","modified_gmt":"2025-12-10T16:04:44","slug":"boutique","status":"publish","type":"page","link":"https:\/\/dev.venetoulis.ch\/en\/boutique\/","title":{"rendered":"","raw":""},"content":{"rendered":"<h2>Our values<\/h2>\r\n<p>For 20 years, we have been enriching our expertise by combining services, sales, and events.<br \/>Thanks to this constant development at Venetoulis, welcoming our customers is of utmost importance. We make sure to listen to your wishes and needs in order to offer you bouquets that truly reflect who you are. Our shop is also our creative workshop, allowing you to watch your floral arrangements take shape before your eyes.<\/p>\r\n<p>In our shop in the Champel neighborhood, we are committed to offering floral arrangements and bouquets that follow the seasons, combining classic flowers with more exotic and uncommon varieties.<\/p>\r\n<p>Our team of florists will be delighted to advise you and create floral arrangements according to your wishes. Please feel free to contact us for more information.<\/p>\r\n<h2>Our Story<\/h2>\r\n<p>For 20 years, we have been enriching our expertise by combining services, sales, and events. Thanks to this development at Venetoulis, welcoming our customers remains a top priority. We take great care to listen to your wishes and needs, so we can offer bouquets that truly suit you. Our boutique also serves as our creative workshop, allowing you to see your floral compositions come to life before your eyes.<\/p>\r\n<p>In our shop located in the Champel neighborhood, we focus on offering floral arrangements and bouquets inspired by the seasons, blending classic flowers with more exotic and extraordinary varieties.<\/p>\r\n<p>Our team of florists will be happy to advise you and design floral arrangements tailored to your preferences. Do not hesitate to reach out to us for further information.<\/p>\r\n<h2>Deliveries<\/h2>\r\n<p>We deliver our arrangements and bouquets throughout the city of Geneva and elsewhere in Switzerland. Depending on your request, we will determine with you the time and place where you would like the flowers to be delivered.<\/p>\r\n<p>For more information regarding delivery rates, please contact us.<\/p>\r\n<p>&nbsp;<\/p>","protected":false,"raw":"<h2>Our values<\/h2>\r\n<p>For 20 years, we have been enriching our expertise by combining services, sales, and events.<br \/>Thanks to this constant development at Venetoulis, welcoming our customers is of utmost importance. We make sure to listen to your wishes and needs in order to offer you bouquets that truly reflect who you are. Our shop is also our creative workshop, allowing you to watch your floral arrangements take shape before your eyes.<\/p>\r\n<p>In our shop in the Champel neighborhood, we are committed to offering floral arrangements and bouquets that follow the seasons, combining classic flowers with more exotic and uncommon varieties.<\/p>\r\n<p>Our team of florists will be delighted to advise you and create floral arrangements according to your wishes. Please feel free to contact us for more information.<\/p>\r\n<h2>Our Story<\/h2>\r\n<p>For 20 years, we have been enriching our expertise by combining services, sales, and events. Thanks to this development at Venetoulis, welcoming our customers remains a top priority. We take great care to listen to your wishes and needs, so we can offer bouquets that truly suit you. Our boutique also serves as our creative workshop, allowing you to see your floral compositions come to life before your eyes.<\/p>\r\n<p>In our shop located in the Champel neighborhood, we focus on offering floral arrangements and bouquets inspired by the seasons, blending classic flowers with more exotic and extraordinary varieties.<\/p>\r\n<p>Our team of florists will be happy to advise you and design floral arrangements tailored to your preferences. Do not hesitate to reach out to us for further information.<\/p>\r\n<h2>Deliveries<\/h2>\r\n<p>We deliver our arrangements and bouquets throughout the city of Geneva and elsewhere in Switzerland. Depending on your request, we will determine with you the time and place where you would like the flowers to be delivered.<\/p>\r\n<p>For more information regarding delivery rates, please contact us.<\/p>\r\n<p>&nbsp;<\/p>"},"excerpt":{"rendered":"","protected":false,"raw":""},"author":1,"featured_media":0,"parent":0,"menu_order":6,"comment_status":"closed","ping_status":"closed","template":"","meta":{"_en_post_content":"<h2>Our values<\/h2>\r\n<p>For 20 years, we have been enriching our expertise by combining services, sales, and events.<br \/>Thanks to this constant development at Venetoulis, welcoming our customers is of utmost importance. We make sure to listen to your wishes and needs in order to offer you bouquets that truly reflect who you are. Our shop is also our creative workshop, allowing you to watch your floral arrangements take shape before your eyes.<\/p>\r\n<p>In our shop in the Champel neighborhood, we are committed to offering floral arrangements and bouquets that follow the seasons, combining classic flowers with more exotic and uncommon varieties.<\/p>\r\n<p>Our team of florists will be delighted to advise you and create floral arrangements according to your wishes. Please feel free to contact us for more information.<\/p>\r\n<h2>Our Story<\/h2>\r\n<p>For 20 years, we have been enriching our expertise by combining services, sales, and events. Thanks to this development at Venetoulis, welcoming our customers remains a top priority. We take great care to listen to your wishes and needs, so we can offer bouquets that truly suit you. Our boutique also serves as our creative workshop, allowing you to see your floral compositions come to life before your eyes.<\/p>\r\n<p>In our shop located in the Champel neighborhood, we focus on offering floral arrangements and bouquets inspired by the seasons, blending classic flowers with more exotic and extraordinary varieties.<\/p>\r\n<p>Our team of florists will be happy to advise you and design floral arrangements tailored to your preferences. Do not hesitate to reach out to us for further information.<\/p>\r\n<h2>Deliveries<\/h2>\r\n<p>We deliver our arrangements and bouquets throughout the city of Geneva and elsewhere in Switzerland. Depending on your request, we will determine with you the time and place where you would like the flowers to be delivered.<\/p>\r\n<p>For more information regarding delivery rates, please contact us.<\/p>\r\n<p>&nbsp;<\/p>","_en_post_name":"boutique","_en_post_excerpt":"","_en_post_title":"","_fr_post_content":"<h2>Nos valeurs<\/h2>\r\n<p>Depuis 20 ans nous enrichissons notre savoir faire en alliant services, ventes et \u00e9v\u00e9nements. Gr\u00e2ce \u00e0 cet enrichissement chez Venetoulis, l'accueil de nos clients est de premi\u00e8re importance. Nous veillons \u00e0 \u00e9couter vos envies et vos besoins afin de vous proposer des bouquets qui vous ressemblent. Notre boutique est \u00e9galement notre atelier de cr\u00e9ation. De cette mani\u00e8re, vous verrez vos compositions florales prendre forme sous vos yeux.<br \/><br \/>Dans notre magasin du quartier de Champel, nous accordons de l'importance \u00e0 vous proposer des arrangements floraux et des bouquets en fonction des saisons, en alliant les fleurs classiques avec des vari\u00e9t\u00e9s plus exotiques et hors du commun.<br \/><br \/>Notre \u00e9quipe de fleuristes se fera un plaisir de vous conseiller et de cr\u00e9er pour vous les arrangements floraux selon vos envies, n'h\u00e9sitez donc pas \u00e0\u00a0<a href=\"https:\/\/www.venetoulis-fleurs.ch\/nous-contacter\" target=\"_blank\" rel=\"noopener\" data-fpl-component=\"primitive\">prendre contact<\/a>\u00a0pour de plus amples informations.<\/p>\r\n<h2>Notre histoire<\/h2>\r\n<p>Depuis 20 ans nous enrichissons notre savoir faire en alliant services, ventes et \u00e9v\u00e9nements. Gr\u00e2ce \u00e0 cet enrichissement chez Venetoulis, l'accueil de nos clients est de premi\u00e8re importance. Nous veillons \u00e0 \u00e9couter vos envies et vos besoins afin de vous proposer des bouquets qui vous ressemblent. Notre boutique est \u00e9galement notre atelier de cr\u00e9ation. De cette mani\u00e8re, vous verrez vos compositions florales prendre forme sous vos yeux.<br \/><br \/>Dans notre magasin du quartier de Champel, nous accordons de l'importance \u00e0 vous proposer des arrangements floraux et des bouquets en fonction des saisons, en alliant les fleurs classiques avec des vari\u00e9t\u00e9s plus exotiques et hors du commun.<br \/><br \/>Notre \u00e9quipe de fleuristes se fera un plaisir de vous conseiller et de cr\u00e9er pour vous les arrangements floraux selon vos envies, n'h\u00e9sitez donc pas \u00e0\u00a0<a href=\"https:\/\/www.venetoulis-fleurs.ch\/nous-contacter\" target=\"_blank\" rel=\"noopener\" data-fpl-component=\"primitive\">prendre contact<\/a>\u00a0pour de plus amples informations.<\/p>\r\n<h2>Livraisons<\/h2>\r\n<p>Nous livrons nos arrangements et nos bouquets dans toute la ville de Gen\u00e8ve et ailleurs en Suisse. En fonction de vos demandes, nous d\u00e9finissons avec vous le moment et le lieu o\u00f9 vous souhaitez faire livrer les fleurs.<\/p>\r\n<p>Pour plus d'informations quant aux tarifs de livraison, contactez-nous.<\/p>\r\n<p>&nbsp;<\/p>","_fr_post_name":"boutique","_fr_post_excerpt":"","_fr_post_title":"Boutique","edit_language":"en"},"class_list":["post-16","page","type-page","status-publish","hentry"],"_links":{"self":[{"href":"https:\/\/dev.venetoulis.ch\/en\/wp-json\/wp\/v2\/pages\/16","targetHints":{"allow":["GET"]}}],"collection":[{"href":"https:\/\/dev.venetoulis.ch\/en\/wp-json\/wp\/v2\/pages"}],"about":[{"href":"https:\/\/dev.venetoulis.ch\/en\/wp-json\/wp\/v2\/types\/page"}],"author":[{"embeddable":true,"href":"https:\/\/dev.venetoulis.ch\/en\/wp-json\/wp\/v2\/users\/1"}],"replies":[{"embeddable":true,"href":"https:\/\/dev.venetoulis.ch\/en\/wp-json\/wp\/v2\/comments?post=16"}],"version-history":[{"count":5,"href":"https:\/\/dev.venetoulis.ch\/en\/wp-json\/wp\/v2\/pages\/16\/revisions"}],"predecessor-version":[{"id":93,"href":"https:\/\/dev.venetoulis.ch\/en\/wp-json\/wp\/v2\/pages\/16\/revisions\/93"}],"wp:attachment":[{"href":"https:\/\/dev.venetoulis.ch\/en\/wp-json\/wp\/v2\/media?parent=16"}],"curies":[{"name":"wp","href":"https:\/\/api.w.org\/{rel}","templated":true}]}}