{"id":14,"date":"2025-10-15T08:41:27","date_gmt":"2025-10-15T08:41:27","guid":{"rendered":"http:\/\/localhost:8888\/venetoulis\/?page_id=14"},"modified":"2025-12-10T16:04:38","modified_gmt":"2025-12-10T16:04:38","slug":"subscriptions","status":"publish","type":"page","link":"https:\/\/dev.venetoulis.ch\/en\/subscriptions\/","title":{"rendered":"Subscriptions","raw":"Subscriptions"},"content":{"rendered":"<p>Would you like your premises to be decorated with flowers at all times? We design and deliver floral arrangements as often as you wish. Depending on the season, we offer compositions in different colors and various containers.<\/p>\r\n<p>If you are organizing a special event and want to add a touch of elegance, we can also provide our florist services. We will adapt to your budget, your preferences, and the tone of the occasion.<\/p>","protected":false,"raw":"<p>Would you like your premises to be decorated with flowers at all times? We design and deliver floral arrangements as often as you wish. Depending on the season, we offer compositions in different colors and various containers.<\/p>\r\n<p>If you are organizing a special event and want to add a touch of elegance, we can also provide our florist services. We will adapt to your budget, your preferences, and the tone of the occasion.<\/p>"},"excerpt":{"rendered":"","protected":false,"raw":""},"author":1,"featured_media":0,"parent":0,"menu_order":5,"comment_status":"closed","ping_status":"closed","template":"template-gallery.php","meta":{"_en_post_content":"<p>Would you like your premises to be decorated with flowers at all times? We design and deliver floral arrangements as often as you wish. Depending on the season, we offer compositions in different colors and various containers.<\/p>\r\n<p>If you are organizing a special event and want to add a touch of elegance, we can also provide our florist services. We will adapt to your budget, your preferences, and the tone of the occasion.<\/p>","_en_post_name":"subscriptions","_en_post_excerpt":"","_en_post_title":"Subscriptions","_fr_post_content":"<p>Vous souhaitez que vos locaux soient fleuris en tous temps? Nous composons et livrons des arrangements floraux aussi souvent que vous le d\u00e9sirez. En fonction des saisons, nous proposons des compositions de couleurs diff\u00e9rentes, dans des supports variables.<\/p>\r\n<p>Si vous organisez un \u00e9v\u00e8nement particulier et que vous souhaitez apporter une touche d'\u00e9l\u00e9gance \u00e0 celui-ci, nous pourrons \u00e9galement vous proposer nos services de fleuriste. Nous nous adapterons \u00e0 votre budget, vos envies et \u00e0 la tonalit\u00e9 de l'occasion.<\/p>","_fr_post_name":"abonnements","_fr_post_excerpt":"Pour entreprises, \u00e0 intervalles r\u00e9guliers ou blablablabla\nlorem ipsum ici c\u2019est une phrase plus longue","_fr_post_title":"Abonnements","edit_language":"en"},"class_list":["post-14","page","type-page","status-publish","hentry"],"_links":{"self":[{"href":"https:\/\/dev.venetoulis.ch\/en\/wp-json\/wp\/v2\/pages\/14","targetHints":{"allow":["GET"]}}],"collection":[{"href":"https:\/\/dev.venetoulis.ch\/en\/wp-json\/wp\/v2\/pages"}],"about":[{"href":"https:\/\/dev.venetoulis.ch\/en\/wp-json\/wp\/v2\/types\/page"}],"author":[{"embeddable":true,"href":"https:\/\/dev.venetoulis.ch\/en\/wp-json\/wp\/v2\/users\/1"}],"replies":[{"embeddable":true,"href":"https:\/\/dev.venetoulis.ch\/en\/wp-json\/wp\/v2\/comments?post=14"}],"version-history":[{"count":11,"href":"https:\/\/dev.venetoulis.ch\/en\/wp-json\/wp\/v2\/pages\/14\/revisions"}],"predecessor-version":[{"id":94,"href":"https:\/\/dev.venetoulis.ch\/en\/wp-json\/wp\/v2\/pages\/14\/revisions\/94"}],"wp:attachment":[{"href":"https:\/\/dev.venetoulis.ch\/en\/wp-json\/wp\/v2\/media?parent=14"}],"curies":[{"name":"wp","href":"https:\/\/api.w.org\/{rel}","templated":true}]}}