{"id":12,"date":"2025-10-15T08:41:17","date_gmt":"2025-10-15T08:41:17","guid":{"rendered":"http:\/\/localhost:8888\/venetoulis\/?page_id=12"},"modified":"2026-03-04T13:20:10","modified_gmt":"2026-03-04T13:20:10","slug":"events","status":"publish","type":"page","link":"https:\/\/dev.venetoulis.ch\/en\/events\/","title":{"rendered":"Events","raw":"Events"},"content":{"rendered":"<p>Our shop offers floral arrangements for all occasions. Depending on your requests, we create seasonal flower arrangements in the colors of your choice. We take great care to work with the flowers delicately and creatively, in order to highlight the elegance and freshness of each one for: birthdays, weddings, funerals, and various ceremonies.<\/p>","protected":false,"raw":"<p>Our shop offers floral arrangements for all occasions. Depending on your requests, we create seasonal flower arrangements in the colors of your choice. We take great care to work with the flowers delicately and creatively, in order to highlight the elegance and freshness of each one for: birthdays, weddings, funerals, and various ceremonies.<\/p>"},"excerpt":{"rendered":"","protected":false,"raw":""},"author":1,"featured_media":0,"parent":0,"menu_order":4,"comment_status":"closed","ping_status":"closed","template":"template-gallery.php","meta":{"_en_post_content":"<p>Our shop offers floral arrangements for all occasions. Depending on your requests, we create seasonal flower arrangements in the colors of your choice. We take great care to work with the flowers delicately and creatively, in order to highlight the elegance and freshness of each one for: birthdays, weddings, funerals, and various ceremonies.<\/p>","_en_post_name":"events","_en_post_excerpt":"","_en_post_title":"Events","_fr_post_content":"<p>Notre boutique propose des compositions florales pour toutes les occasions. En fonction de vos demandes, nous r\u00e9alisons des arrangements de fleurs de saison aux couleurs de votre choix. Nous veillons \u00e0 travailler les fleurs avec d\u00e9licatesse et originalit\u00e9, afin de faire ressortir l'\u00e9l\u00e9gance et la fra\u00eecheur de chacune pour: Les anniversaires, Les mariages, Les deuils et enterrements, Les c\u00e9r\u00e9monies diverses.<\/p>","_fr_post_name":"evenements","_fr_post_excerpt":"Nous sommes sp\u00e9cialis\u00e9s dans les d\u00e9corations \u00e9v\u00e9nementielles pour deuil, mariage, soir\u00e9es. Merci de prendre contact avec nous pour parler de votre projet.","_fr_post_title":"\u00c9v\u00e9nements","edit_language":"en"},"class_list":["post-12","page","type-page","status-publish","hentry"],"_links":{"self":[{"href":"https:\/\/dev.venetoulis.ch\/en\/wp-json\/wp\/v2\/pages\/12","targetHints":{"allow":["GET"]}}],"collection":[{"href":"https:\/\/dev.venetoulis.ch\/en\/wp-json\/wp\/v2\/pages"}],"about":[{"href":"https:\/\/dev.venetoulis.ch\/en\/wp-json\/wp\/v2\/types\/page"}],"author":[{"embeddable":true,"href":"https:\/\/dev.venetoulis.ch\/en\/wp-json\/wp\/v2\/users\/1"}],"replies":[{"embeddable":true,"href":"https:\/\/dev.venetoulis.ch\/en\/wp-json\/wp\/v2\/comments?post=12"}],"version-history":[{"count":5,"href":"https:\/\/dev.venetoulis.ch\/en\/wp-json\/wp\/v2\/pages\/12\/revisions"}],"predecessor-version":[{"id":111,"href":"https:\/\/dev.venetoulis.ch\/en\/wp-json\/wp\/v2\/pages\/12\/revisions\/111"}],"wp:attachment":[{"href":"https:\/\/dev.venetoulis.ch\/en\/wp-json\/wp\/v2\/media?parent=12"}],"curies":[{"name":"wp","href":"https:\/\/api.w.org\/{rel}","templated":true}]}}